{"id":1356,"date":"2022-10-27T14:55:19","date_gmt":"2022-10-27T12:55:19","guid":{"rendered":"https:\/\/biohotelhermitage.it\/bio-hotel-hermitage\/bioarchitettura-e-sostenibilita\/"},"modified":"2024-03-27T11:52:46","modified_gmt":"2024-03-27T10:52:46","slug":"bioarchitecture","status":"publish","type":"page","link":"https:\/\/biohotelhermitage.it\/en\/bio-hotel-hermitage\/bioarchitecture\/","title":{"rendered":"Bioarchitecture"},"content":{"rendered":"<section class=\"l-section wpb_row height_medium full_height valign_center with_slider\"><div class=\"l-section-slider\"><div class=\"w-slider style_none fit_cover nav_none count_4\"><div class=\"w-slider-h\" aria-hidden=\"true\"><div class=\"royalSlider\"><div class=\"rsContent\"><a class=\"rsImg\" data-rsw=\"1920\" data-rsh=\"1280\" href=\"https:\/\/biohotelhermitage.it\/wp-content\/uploads\/2022\/11\/Hotel_Hermitage-Copia-web.jpg\"><span data-alt=\"hotel 4 stelle madonna di campiglio\"><\/span><\/a><\/div><div class=\"rsContent\"><a class=\"rsImg\" data-rsw=\"1920\" data-rsh=\"1280\" href=\"https:\/\/biohotelhermitage.it\/wp-content\/uploads\/2024\/03\/0015_BioHotel-Hermitage-EsterniSPA-15.jpg\"><span data-alt=\"\"><\/span><\/a><\/div><div class=\"rsContent\"><a class=\"rsImg\" data-rsw=\"1920\" data-rsh=\"1440\" href=\"https:\/\/biohotelhermitage.it\/wp-content\/uploads\/2024\/03\/0058_BioHotel-Hermitage-Dettagli-Interni-Panorami-61.jpg\"><span data-alt=\"\"><\/span><\/a><\/div><div class=\"rsContent\"><a class=\"rsImg\" data-rsw=\"1920\" data-rsh=\"1280\" href=\"https:\/\/biohotelhermitage.it\/wp-content\/uploads\/2024\/03\/0003_BioHotel-Hermitage-EsterniSPA-3.jpg\"><span data-alt=\"\"><\/span><\/a><\/div><\/div><img decoding=\"async\" src=\"https:\/\/biohotelhermitage.it\/wp-content\/uploads\/2022\/11\/Hotel_Hermitage-Copia-web.jpg\" width=\"1920\" height=\"1280\" alt=\"hotel 4 stelle madonna di campiglio\" loading=\"lazy\"><\/div><div class=\"w-slider-json\" onclick='return {&quot;autoScaleSlider&quot;:true,&quot;addActiveClass&quot;:true,&quot;loop&quot;:true,&quot;fadeInLoadedSlide&quot;:false,&quot;slidesSpacing&quot;:0,&quot;imageScalePadding&quot;:0,&quot;numImagesToPreload&quot;:2,&quot;arrowsNav&quot;:false,&quot;arrowsNavAutoHide&quot;:false,&quot;transitionType&quot;:&quot;fade&quot;,&quot;transitionSpeed&quot;:1000,&quot;block&quot;:{&quot;moveEffect&quot;:&quot;none&quot;,&quot;speed&quot;:300},&quot;thumbs&quot;:{&quot;fitInViewport&quot;:false,&quot;firstMargin&quot;:false,&quot;spacing&quot;:4},&quot;controlNavigation&quot;:&quot;none&quot;,&quot;autoplay&quot;:{&quot;enabled&quot;:true,&quot;pauseOnHover&quot;:false,&quot;delay&quot;:3000},&quot;autoScaleSliderWidth&quot;:1920,&quot;autoScaleSliderHeight&quot;:1280}'><\/div><\/div><\/div><div class=\"l-section-overlay\" style=\"background:linear-gradient(180deg,rgba(255,255,255,0.9),rgba(255,255,255,0.00) 43%)\"><\/div><div class=\"l-section-h i-cf\"><div class=\"g-cols vc_row via_grid cols_1 laptops-cols_inherit tablets-cols_inherit mobiles-cols_1 valign_top type_default stacking_default\"><div class=\"wpb_column vc_column_container\"><div class=\"vc_column-inner\"><div class=\"w-image us_custom_2fb981ac i300 us_animate_this align_center\"><div class=\"w-image-h\"><img decoding=\"async\" width=\"489\" height=\"301\" src=\"https:\/\/biohotelhermitage.it\/wp-content\/uploads\/2022\/10\/logo-header-bianco.svg\" class=\"attachment-large size-large\" alt=\"\" loading=\"lazy\" \/><\/div><\/div><\/div><\/div><\/div><\/div><\/section><section class=\"l-section wpb_row height_large\"><div class=\"l-section-h i-cf\"><div class=\"g-cols vc_row via_grid cols_2 laptops-cols_inherit tablets-cols_inherit mobiles-cols_1 valign_top type_default stacking_default\"><div class=\"wpb_column vc_column_container\"><div class=\"vc_column-inner\"><div class=\"wpb_text_column\"><div class=\"wpb_wrapper\"><h1>Bioarchitecture<\/h1>\n<\/div><\/div><div class=\"w-separator size_small\"><\/div><div class=\"wpb_text_column\"><div class=\"wpb_wrapper\"><h2>Biohotel Trentino, where nature and architecture walk hand in hand<\/h2>\n<\/div><\/div><\/div><\/div><div class=\"wpb_column vc_column_container\"><div class=\"vc_column-inner\"><div class=\"wpb_text_column us_custom_e14cecbd us_animate_this\"><div class=\"wpb_wrapper\"><h3>Your holiday home in the mountains<\/h3>\n<\/div><\/div><div class=\"w-separator hide_on_tablets hide_on_mobiles size_small with_line width_30 thick_2 style_solid color_border align_right\"><div class=\"w-separator-h\"><\/div><\/div><div class=\"w-separator hide_on_default hide_on_laptops size_small with_line width_30 thick_2 style_solid color_border align_left\"><div class=\"w-separator-h\"><\/div><\/div><div class=\"wpb_text_column us_custom_d0c27e40\"><div class=\"wpb_wrapper\"><p>Who has never dreamed of a holiday location that perfectly fits in with nature? This dream comes true at the first biohotel in Trentino.<\/p>\n<p>Think about all the benefits deriving from the natural materials used to build our hotel. The sun light shining through the big windows and the fantastic view of the Dolomites will certainly put a smile on your face from the early morning.<\/p>\n<\/div><\/div><\/div><\/div><\/div><\/div><\/section><section class=\"l-section wpb_row height_medium\"><div class=\"l-section-h i-cf\"><div class=\"g-cols vc_row via_grid cols_1 laptops-cols_inherit tablets-cols_inherit mobiles-cols_1 valign_top type_default stacking_default\"><div class=\"wpb_column vc_column_container\"><div class=\"vc_column-inner\"><div class=\"w-separator size_medium\"><\/div><div class=\"wpb_text_column us_custom_7e20fa79 us_animate_this\"><div class=\"wpb_wrapper\"><h6>3 good reasons to choose a Bio Hotell<\/h6>\n<\/div><\/div><\/div><\/div><\/div><\/div><\/section><section class=\"l-section wpb_row height_large\"><div class=\"l-section-h i-cf\"><div class=\"g-cols vc_row via_grid cols_3 laptops-cols_inherit tablets-cols_inherit mobiles-cols_1 valign_top type_default stacking_default\"><div class=\"wpb_column vc_column_container\"><div class=\"vc_column-inner\"><div class=\"g-cols wpb_row via_grid cols_1-5 laptops-cols_inherit tablets-cols_inherit mobiles-cols_1 valign_top type_default stacking_default\" style=\"--columns-gap:3rem;\"><div class=\"wpb_column vc_column_container\"><div class=\"vc_column-inner\"><div class=\"wpb_text_column us_custom_0bc33fe1 has_text_color us_animate_this\"><div class=\"wpb_wrapper\"><p>1<\/p>\n<\/div><\/div><\/div><\/div><div class=\"wpb_column vc_column_container\"><div class=\"vc_column-inner\"><div class=\"w-vwrapper us_custom_d3212982 align_none valign_top\" style=\"--vwrapper-gap:1.3rem\"><div class=\"w-separator size_custom\" style=\"height:15px\"><\/div><div class=\"wpb_text_column us_custom_f6d664b4 has_text_color\"><div class=\"wpb_wrapper\"><p>Room<\/p>\n<\/div><\/div><div class=\"wpb_text_column us_custom_5e92d2dd has_text_color\"><div class=\"wpb_wrapper\"><p>Prive di sostanze tossiche e di inquinamento elettromagnetico<\/p>\n<\/div><\/div><\/div><\/div><\/div><\/div><\/div><\/div><div class=\"wpb_column vc_column_container\"><div class=\"vc_column-inner\"><div class=\"g-cols wpb_row via_grid cols_1-5 laptops-cols_inherit tablets-cols_inherit mobiles-cols_1 valign_top type_default stacking_default\" style=\"--columns-gap:3rem;\"><div class=\"wpb_column vc_column_container\"><div class=\"vc_column-inner\"><div class=\"wpb_text_column us_custom_fbf8ba71 has_text_color us_animate_this\"><div class=\"wpb_wrapper\"><p>2<\/p>\n<\/div><\/div><\/div><\/div><div class=\"wpb_column vc_column_container\"><div class=\"vc_column-inner\"><div class=\"w-vwrapper us_custom_d3212982 align_none valign_top\" style=\"--vwrapper-gap:1.3rem\"><div class=\"w-separator size_custom\" style=\"height:15px\"><\/div><div class=\"wpb_text_column us_custom_f6d664b4 has_text_color\"><div class=\"wpb_wrapper\"><p>Perfume<\/p>\n<\/div><\/div><div class=\"wpb_text_column us_custom_5e92d2dd has_text_color\"><div class=\"wpb_wrapper\"><p>Il profumo originale del legno riempie l\u2019aria e il cuore<\/p>\n<\/div><\/div><\/div><\/div><\/div><\/div><\/div><\/div><div class=\"wpb_column vc_column_container\"><div class=\"vc_column-inner\"><div class=\"g-cols wpb_row via_grid cols_1-5 laptops-cols_inherit tablets-cols_inherit mobiles-cols_1 valign_top type_default stacking_default\" style=\"--columns-gap:3rem;\"><div class=\"wpb_column vc_column_container\"><div class=\"vc_column-inner\"><div class=\"wpb_text_column us_custom_6e54de7a has_text_color us_animate_this\"><div class=\"wpb_wrapper\"><p>3<\/p>\n<\/div><\/div><\/div><\/div><div class=\"wpb_column vc_column_container\"><div class=\"vc_column-inner\"><div class=\"w-vwrapper us_custom_d3212982 align_none valign_top\" style=\"--vwrapper-gap:1.3rem\"><div class=\"w-separator size_custom\" style=\"height:15px\"><\/div><div class=\"wpb_text_column us_custom_f6d664b4 has_text_color\"><div class=\"wpb_wrapper\"><p>Consumption<\/p>\n<\/div><\/div><div class=\"wpb_text_column us_custom_5e92d2dd has_text_color\"><div class=\"wpb_wrapper\"><p>Attenzione nei consumi dell\u2019acqua e al risparmio energetico<\/p>\n<\/div><\/div><\/div><\/div><\/div><\/div><\/div><\/div><\/div><\/div><\/section><section class=\"l-section wpb_row height_medium\"><div class=\"l-section-h i-cf\"><div class=\"g-cols vc_row via_grid cols_1 laptops-cols_inherit tablets-cols_inherit mobiles-cols_1 valign_top type_default stacking_default\"><div class=\"wpb_column vc_column_container\"><div class=\"vc_column-inner\"><div class=\"wpb_text_column us_custom_d0c27e40\"><div class=\"wpb_wrapper\"><p>La luce solare che filtra attraverso le ampie vetrate e la vista mozzafiato sulle Dolomiti vi faranno iniziare la giornata con il sorriso sulle labbra e con quella serenit\u00e0 che riscalda il cuore.\u00a0<strong>Il panorama<\/strong>, <strong>il profumo del legno<\/strong>, il gusto di essere coccolati da pietanze gourmet e trattamenti esclusivi nel nostro centro benessere a Madonna di Campiglio, il tutto dona leggerezza e crea le condizioni ideali per staccare da subito la spina.<\/p>\n<p>La vostra camera o la vostra suite <strong>prive di sostanze tossiche e di inquinamento elettromagnetico<\/strong>, vi accoglieranno come un nido in cui potrete abbandonarvi ad un lungo e rigenerante riposo accompagnati dal gradevole aroma del legno e dalla morbidezza dei tessuti.<br \/>\nIl tepore naturale del sole sembrer\u00e0 avvolgervi anche nella hall, nel bar e nel ristorante, grazie al sistema di riscaldamento a pavimento. Potrete respirare <strong>un microclima piacevole e sano<\/strong>, <strong>senza preoccuparvi di inalare polveri<\/strong>.<\/p>\n<p>Una particolare attenzione viene data, inoltre, anche ai consumi dell\u2019acqua e al risparmio energetico. Solo al nostro bio hotel, in perfetta armonia con la natura e in un ambiente salutare, potrete raggiungere l\u2019apice del benessere.<br \/>\nLe caratteristiche che ne fanno un biohotel in Trentino realizzato secondo le norme della bioarchitettura sono state pensate per rendere il soggiorno degli ospiti prima di tutto pi\u00f9 salutare. Frutto di uno studio approfondito di Barbara Maffei nella tesina finale presso l\u2019Accademia per il Commercio ed il Turismo di Trento nel 1996: \u201cBenessere in quota\u201d.<\/p>\n<h3>M\u2019illumino d\u2019immenso<\/h3>\n<p>Uno dei primi elementi presi in considerazione \u00e8 stato quello dell\u2019illuminazione. Fondamentale \u00e8 creare un piano di luce il pi\u00f9 naturale possibile, che non crei sensazioni troppo sfasate della realt\u00e0, che non renda innaturali i colori della struttura.<br \/>\nLa luce artificiale, che sempre pi\u00f9 spesso sostituisce quella naturale, genera facilmente stanchezza, irritazione agli occhi, mal di testa e tensione nervosa. Al contrario la luce solare ha propriet\u00e0 rilassanti e distensive sul sistema nervoso. Tutti gli ambienti sono dotati di<strong> finestre molto ampie<\/strong> per favorire proprio l\u2019accesso della luce esterna (oltre che per godere del meraviglioso panorama sulle Dolomiti di Brenta).\u00a0Legato alla luce, anche l\u2019aspetto dei colori \u00e8 importante per il benessere, dal momento che le diverse tonalit\u00e0 influenzano gli stati emotivi delle persone. Per questo motivo se il blu e l\u2019azzurro, pi\u00f9 distensivi e rilassanti, sono stati utilizzati in alcune camere da letto, il rosso e il verde sono i protagonisti della hall, alla quale conferiscono rispettivamente vitalit\u00e0 e naturalezza, per <strong>un\u2019atmosfera calda e accogliente<\/strong>.<\/p>\n<h3>Riposare senza stress<\/h3>\n<p>\u201cImmaginando per un attimo un albergo senza pareti, soffitti e pavimenti, ma solo con lo scheletro degli impianti, ci troveremo di fronte a una gabbia di cavi elettrici e ferri\u201d. La quantit\u00e0 di metallo che ci circonda altera il magnetismo naturale della Terra presente in un luogo. \u00c8 l\u2019inquinamento elettromagnetico, insidioso rispetto ad altri inquinamenti perch\u00e9 non segnala la sua presenza.\u00a0Anche in questo settore si sono studiate delle soluzioni idonee: piccoli accorgimenti utili soprattutto nelle camere da letto, per <strong>ridurre al minimo le radiazioni elettromagnetiche<\/strong> durante il riposo. Tra questi ad esempio la distanza del televisore dal letto di almeno 1 metro e mezzo, l\u2019applicazione di sezionatori di corrente, o bioswitch, che isolano i circuiti non utilizzati e impediscono l\u2019accesso alle correnti, la schermatura dell\u2019impianto elettrico. <strong>Si dorme quindi in assenza di smog elettromagnetico<\/strong>, ci\u00f2 consente un allungamento della fase Rem (sonno profondo) del sonno.<\/p>\n<h3>Il legno profuma di cera d\u2019api<\/h3>\n<p>Nella concezione biologica dell\u2019architettura l\u2019abitazione \u00e8 intesa come \u201cTerza pelle\u201d perch\u00e9 deve permettere la traspirazione sana, similmente all\u2019epidermide (prima pelle) e ai vestiti (seconda pelle). I laterizi utilizzati sono d\u2019argilla e consentono la traspirazione, sono stati porizzati con segatura e non con polistirolo. Come <strong>isolante naturale<\/strong> \u00e8 stato utilizzato il sughero in granuli. Il legno \u00e8 stato ovviamente il materiale prediletto. Mobili e pavimenti sono per la maggior parte in legno massiccio di <strong>abete e cirmolo<\/strong>. Le camere al bio hotel sono differenti come metrature e servizi ed anche per il legno utilizzato, profumi diversi perch\u00e9 ogni soggiorno abbia un ricordo indelebile ed unico. Il legno \u00e8 il materiale naturale traspirante per eccellenza e funge da perfetto regolatore ambientale. Il suo utilizzo \u00e8 ancor pi\u00f9 logico in un contesto di montagna, dove i boschi ricoprono buona parte del territorio. Naturalmente anche in questo caso sono d\u2019obbligo dei piccoli accorgimenti, quali: tenere insieme le varie parti mediante incastri e viti, evitare colle sintetiche; trattare il legno con prodotti naturali, come pu\u00f2 essere la <strong>cera d\u2019api<\/strong>. Questa cera emana un piacevole aroma che profumer\u00e0 le diverse stanze e procurer\u00e0 un\u2019<strong>azione antisettica<\/strong>, proteggendo il legno da parassiti e dalla polvere. Il profumo originale del legno riempie l\u2019aria e il cuore come se l\u2019ospite si trovasse in un bosco esclusivo e protetto unito ai comfort di un 4 stelle.\u00a0Il risultato \u00e8 un <strong>ambiente raffinato<\/strong> e al tempo stesso familiare, un\u2019atmosfera raccolta e intima dove nessun dettaglio \u00e8 lasciato al caso: mobili, tappezzerie, oggetti, tutto \u00e8 sofisticato e armonioso. Perfino il fumoir, solitamente ambiente non curato, qui \u00e8 realizzato in <strong>boiserie di cirmolo<\/strong> e riesce ad essere accogliente.\u00a0Lo scopo \u00e8 un viaggio nel benessere che rispetti i ritmi della natura.<\/p>\n<h3>Riscaldarsi imitando i raggi del sole<\/h3>\n<p>Anche per un sano impianto di riscaldamento occorre prendere ispirazione da quanto di pi\u00f9 naturale esiste: i raggi del sole.\u00a0I sistemi adottati dal Bio hotel Hermitage sono: il riscaldamento a pavimento, per la hall, il bar e il ristorante, e la <strong>parete riscaldante ad acqua per le camere<\/strong>, non mancano poi le tipiche stufe in terracotta. Il riscaldamento per irraggiamento assicura uno scambio di calore tra una superficie e l\u2019altra senza surriscaldamento dell\u2019aria, <strong>senza circolazione di polveri<\/strong> n\u00e9 sgradevoli moti d\u2019aria. \u00c8 un sistema di diffusione del calore che genera un microclima <strong>confortevole e sano<\/strong>. Al Bio hotel Hermitage le pareti emanano un tepore costante, come se il sole le accarezzasse giorno e notte. Questi sistemi permettono un rendimento maggiore e dunque un risparmio energetico. Assenza di polveri.<\/p>\n<h3>L\u2019acqua fonte di energia e di vita<\/h3>\n<p>Sempre pi\u00f9 l\u2019edilizia guarda all\u2019ambiente, ma ancora si fa troppo poco. Forse perch\u00e9 a livello economico l\u2019impegno iniziale pu\u00f2 sembrare in certi casi maggiore. La Famiglia Maffei in questo senso ha anticipato i tempi guardando al futuro, valutando il risparmio che a lungo termine si sarebbe ottenuto. Un <strong>risparmio prima di tutto energetico e idrico<\/strong>, che fa bene all\u2019ambiente. Basti pensare all\u2019impianto idraulico: un frangigetto applicato al rubinetto permette un risparmio di 6.000 litri d\u2019acqua all\u2019anno, allo stesso modo un miscelatore aria e acqua applicato alle docce <strong>riduce il consumo di circa la met\u00e0<\/strong>. Un risparmio dunque che ha influssi positivi anche in ambito economico.<\/p>\n<\/div><\/div><\/div><\/div><\/div><\/div><\/section>\n","protected":false},"excerpt":{"rendered":"Bioarchitecture Biohotel Trentino, where nature and architecture walk hand in hand Your holiday home in the mountains Who has never dreamed of a holiday location that perfectly fits in with nature? This dream comes true at the first biohotel in Trentino. Think about all the benefits deriving from the natural materials used to build our...","protected":false},"author":1,"featured_media":0,"parent":1295,"menu_order":0,"comment_status":"closed","ping_status":"closed","template":"","meta":{"_acf_changed":false,"inline_featured_image":false,"footnotes":""},"class_list":["post-1356","page","type-page","status-publish","hentry"],"acf":[],"yoast_head":"<!-- This site is optimized with the Yoast SEO plugin v27.4 - https:\/\/yoast.com\/product\/yoast-seo-wordpress\/ -->\n<title>Bioarchitecture - Bio Hotel Hermitage<\/title>\n<meta name=\"robots\" content=\"index, follow, max-snippet:-1, max-image-preview:large, max-video-preview:-1\" \/>\n<link rel=\"canonical\" href=\"https:\/\/biohotelhermitage.it\/en\/bio-hotel-hermitage\/bioarchitecture\/\" \/>\n<meta property=\"og:locale\" content=\"en_US\" \/>\n<meta property=\"og:type\" content=\"article\" \/>\n<meta property=\"og:title\" content=\"Bioarchitecture - Bio Hotel Hermitage\" \/>\n<meta property=\"og:url\" content=\"https:\/\/biohotelhermitage.it\/en\/bio-hotel-hermitage\/bioarchitecture\/\" \/>\n<meta property=\"og:site_name\" content=\"Bio Hotel Hermitage\" \/>\n<meta property=\"article:publisher\" content=\"https:\/\/www.facebook.com\/biohotelhermitage\" \/>\n<meta property=\"article:modified_time\" content=\"2024-03-27T10:52:46+00:00\" \/>\n<meta name=\"twitter:card\" content=\"summary_large_image\" \/>\n<meta name=\"twitter:label1\" content=\"Est. reading time\" \/>\n\t<meta name=\"twitter:data1\" content=\"7 minutes\" \/>\n<script type=\"application\/ld+json\" class=\"yoast-schema-graph\">{\"@context\":\"https:\\\/\\\/schema.org\",\"@graph\":[{\"@type\":\"WebPage\",\"@id\":\"https:\\\/\\\/biohotelhermitage.it\\\/en\\\/bio-hotel-hermitage\\\/bioarchitecture\\\/\",\"url\":\"https:\\\/\\\/biohotelhermitage.it\\\/en\\\/bio-hotel-hermitage\\\/bioarchitecture\\\/\",\"name\":\"Bioarchitecture - Bio Hotel Hermitage\",\"isPartOf\":{\"@id\":\"https:\\\/\\\/biohotelhermitage.it\\\/#website\"},\"datePublished\":\"2022-10-27T12:55:19+00:00\",\"dateModified\":\"2024-03-27T10:52:46+00:00\",\"breadcrumb\":{\"@id\":\"https:\\\/\\\/biohotelhermitage.it\\\/en\\\/bio-hotel-hermitage\\\/bioarchitecture\\\/#breadcrumb\"},\"inLanguage\":\"en-US\",\"potentialAction\":[{\"@type\":\"ReadAction\",\"target\":[\"https:\\\/\\\/biohotelhermitage.it\\\/en\\\/bio-hotel-hermitage\\\/bioarchitecture\\\/\"]}]},{\"@type\":\"BreadcrumbList\",\"@id\":\"https:\\\/\\\/biohotelhermitage.it\\\/en\\\/bio-hotel-hermitage\\\/bioarchitecture\\\/#breadcrumb\",\"itemListElement\":[{\"@type\":\"ListItem\",\"position\":1,\"name\":\"Home\",\"item\":\"https:\\\/\\\/biohotelhermitage.it\\\/\"},{\"@type\":\"ListItem\",\"position\":2,\"name\":\"Hotel\",\"item\":\"https:\\\/\\\/biohotelhermitage.it\\\/en\\\/bio-hotel-hermitage\\\/\"},{\"@type\":\"ListItem\",\"position\":3,\"name\":\"Bioarchitecture\"}]},{\"@type\":\"WebSite\",\"@id\":\"https:\\\/\\\/biohotelhermitage.it\\\/#website\",\"url\":\"https:\\\/\\\/biohotelhermitage.it\\\/\",\"name\":\"Bio Hotel Hermitage Madonna di Campiglio\",\"description\":\"Bio Hotel Hermitage 4S Madonna di Campiglio\",\"publisher\":{\"@id\":\"https:\\\/\\\/biohotelhermitage.it\\\/#organization\"},\"potentialAction\":[{\"@type\":\"SearchAction\",\"target\":{\"@type\":\"EntryPoint\",\"urlTemplate\":\"https:\\\/\\\/biohotelhermitage.it\\\/?s={search_term_string}\"},\"query-input\":{\"@type\":\"PropertyValueSpecification\",\"valueRequired\":true,\"valueName\":\"search_term_string\"}}],\"inLanguage\":\"en-US\"},{\"@type\":\"Organization\",\"@id\":\"https:\\\/\\\/biohotelhermitage.it\\\/#organization\",\"name\":\"Bio Hotel Hermitage 4S Madonna di Campiglio\",\"url\":\"https:\\\/\\\/biohotelhermitage.it\\\/\",\"logo\":{\"@type\":\"ImageObject\",\"inLanguage\":\"en-US\",\"@id\":\"https:\\\/\\\/biohotelhermitage.it\\\/#\\\/schema\\\/logo\\\/image\\\/\",\"url\":\"https:\\\/\\\/biohotelhermitage.it\\\/wp-content\\\/uploads\\\/2022\\\/11\\\/logo-footer.svg\",\"contentUrl\":\"https:\\\/\\\/biohotelhermitage.it\\\/wp-content\\\/uploads\\\/2022\\\/11\\\/logo-footer.svg\",\"width\":230,\"height\":141,\"caption\":\"Bio Hotel Hermitage 4S Madonna di Campiglio\"},\"image\":{\"@id\":\"https:\\\/\\\/biohotelhermitage.it\\\/#\\\/schema\\\/logo\\\/image\\\/\"},\"sameAs\":[\"https:\\\/\\\/www.facebook.com\\\/biohotelhermitage\"]}]}<\/script>\n<!-- \/ Yoast SEO plugin. -->","yoast_head_json":{"title":"Bioarchitecture - Bio Hotel Hermitage","robots":{"index":"index","follow":"follow","max-snippet":"max-snippet:-1","max-image-preview":"max-image-preview:large","max-video-preview":"max-video-preview:-1"},"canonical":"https:\/\/biohotelhermitage.it\/en\/bio-hotel-hermitage\/bioarchitecture\/","og_locale":"en_US","og_type":"article","og_title":"Bioarchitecture - Bio Hotel Hermitage","og_url":"https:\/\/biohotelhermitage.it\/en\/bio-hotel-hermitage\/bioarchitecture\/","og_site_name":"Bio Hotel Hermitage","article_publisher":"https:\/\/www.facebook.com\/biohotelhermitage","article_modified_time":"2024-03-27T10:52:46+00:00","twitter_card":"summary_large_image","twitter_misc":{"Est. reading time":"7 minutes"},"schema":{"@context":"https:\/\/schema.org","@graph":[{"@type":"WebPage","@id":"https:\/\/biohotelhermitage.it\/en\/bio-hotel-hermitage\/bioarchitecture\/","url":"https:\/\/biohotelhermitage.it\/en\/bio-hotel-hermitage\/bioarchitecture\/","name":"Bioarchitecture - Bio Hotel Hermitage","isPartOf":{"@id":"https:\/\/biohotelhermitage.it\/#website"},"datePublished":"2022-10-27T12:55:19+00:00","dateModified":"2024-03-27T10:52:46+00:00","breadcrumb":{"@id":"https:\/\/biohotelhermitage.it\/en\/bio-hotel-hermitage\/bioarchitecture\/#breadcrumb"},"inLanguage":"en-US","potentialAction":[{"@type":"ReadAction","target":["https:\/\/biohotelhermitage.it\/en\/bio-hotel-hermitage\/bioarchitecture\/"]}]},{"@type":"BreadcrumbList","@id":"https:\/\/biohotelhermitage.it\/en\/bio-hotel-hermitage\/bioarchitecture\/#breadcrumb","itemListElement":[{"@type":"ListItem","position":1,"name":"Home","item":"https:\/\/biohotelhermitage.it\/"},{"@type":"ListItem","position":2,"name":"Hotel","item":"https:\/\/biohotelhermitage.it\/en\/bio-hotel-hermitage\/"},{"@type":"ListItem","position":3,"name":"Bioarchitecture"}]},{"@type":"WebSite","@id":"https:\/\/biohotelhermitage.it\/#website","url":"https:\/\/biohotelhermitage.it\/","name":"Bio Hotel Hermitage Madonna di Campiglio","description":"Bio Hotel Hermitage 4S Madonna di Campiglio","publisher":{"@id":"https:\/\/biohotelhermitage.it\/#organization"},"potentialAction":[{"@type":"SearchAction","target":{"@type":"EntryPoint","urlTemplate":"https:\/\/biohotelhermitage.it\/?s={search_term_string}"},"query-input":{"@type":"PropertyValueSpecification","valueRequired":true,"valueName":"search_term_string"}}],"inLanguage":"en-US"},{"@type":"Organization","@id":"https:\/\/biohotelhermitage.it\/#organization","name":"Bio Hotel Hermitage 4S Madonna di Campiglio","url":"https:\/\/biohotelhermitage.it\/","logo":{"@type":"ImageObject","inLanguage":"en-US","@id":"https:\/\/biohotelhermitage.it\/#\/schema\/logo\/image\/","url":"https:\/\/biohotelhermitage.it\/wp-content\/uploads\/2022\/11\/logo-footer.svg","contentUrl":"https:\/\/biohotelhermitage.it\/wp-content\/uploads\/2022\/11\/logo-footer.svg","width":230,"height":141,"caption":"Bio Hotel Hermitage 4S Madonna di Campiglio"},"image":{"@id":"https:\/\/biohotelhermitage.it\/#\/schema\/logo\/image\/"},"sameAs":["https:\/\/www.facebook.com\/biohotelhermitage"]}]}},"publishpress_future_action":{"enabled":false,"date":"2026-04-27 12:16:04","action":"change-status","newStatus":"draft","terms":[],"taxonomy":"translation_priority","extraData":[]},"publishpress_future_workflow_manual_trigger":{"enabledWorkflows":[]},"_links":{"self":[{"href":"https:\/\/biohotelhermitage.it\/en\/wp-json\/wp\/v2\/pages\/1356","targetHints":{"allow":["GET"]}}],"collection":[{"href":"https:\/\/biohotelhermitage.it\/en\/wp-json\/wp\/v2\/pages"}],"about":[{"href":"https:\/\/biohotelhermitage.it\/en\/wp-json\/wp\/v2\/types\/page"}],"author":[{"embeddable":true,"href":"https:\/\/biohotelhermitage.it\/en\/wp-json\/wp\/v2\/users\/1"}],"replies":[{"embeddable":true,"href":"https:\/\/biohotelhermitage.it\/en\/wp-json\/wp\/v2\/comments?post=1356"}],"version-history":[{"count":5,"href":"https:\/\/biohotelhermitage.it\/en\/wp-json\/wp\/v2\/pages\/1356\/revisions"}],"predecessor-version":[{"id":2163,"href":"https:\/\/biohotelhermitage.it\/en\/wp-json\/wp\/v2\/pages\/1356\/revisions\/2163"}],"up":[{"embeddable":true,"href":"https:\/\/biohotelhermitage.it\/en\/wp-json\/wp\/v2\/pages\/1295"}],"wp:attachment":[{"href":"https:\/\/biohotelhermitage.it\/en\/wp-json\/wp\/v2\/media?parent=1356"}],"curies":[{"name":"wp","href":"https:\/\/api.w.org\/{rel}","templated":true}]}}